{"id":2805,"date":"2023-02-14T17:21:04","date_gmt":"2023-02-14T17:21:04","guid":{"rendered":"https:\/\/www.eko-kmetija.si\/skiing\/"},"modified":"2023-02-18T17:08:40","modified_gmt":"2023-02-18T17:08:40","slug":"skiing","status":"publish","type":"page","link":"https:\/\/www.eko-kmetija.si\/en\/skiing\/","title":{"rendered":"Skiing"},"content":{"rendered":"\t\t<div data-elementor-type=\"wp-page\" data-elementor-id=\"2805\" class=\"elementor elementor-2805 elementor-2268\">\n\t\t\t\t\t\t\t\t\t<section class=\"elementor-section elementor-top-section elementor-element elementor-element-d21ded2 elementor-section-boxed elementor-section-height-default elementor-section-height-default\" data-id=\"d21ded2\" data-element_type=\"section\">\n\t\t\t\t\t\t<div class=\"elementor-container elementor-column-gap-default\">\n\t\t\t\t\t<div class=\"elementor-column elementor-col-100 elementor-top-column elementor-element elementor-element-5b2fb68\" data-id=\"5b2fb68\" data-element_type=\"column\">\n\t\t\t<div class=\"elementor-widget-wrap elementor-element-populated\">\n\t\t\t\t\t\t\t\t<div class=\"elementor-element elementor-element-250b74a elementor-widget elementor-widget-text-editor\" data-id=\"250b74a\" data-element_type=\"widget\" data-widget_type=\"text-editor.default\">\n\t\t\t\t<div class=\"elementor-widget-container\">\n\t\t\t<style>\/*! elementor - v3.11.5 - 14-03-2023 *\/\n.elementor-widget-text-editor.elementor-drop-cap-view-stacked .elementor-drop-cap{background-color:#818a91;color:#fff}.elementor-widget-text-editor.elementor-drop-cap-view-framed .elementor-drop-cap{color:#818a91;border:3px solid;background-color:transparent}.elementor-widget-text-editor:not(.elementor-drop-cap-view-default) .elementor-drop-cap{margin-top:8px}.elementor-widget-text-editor:not(.elementor-drop-cap-view-default) .elementor-drop-cap-letter{width:1em;height:1em}.elementor-widget-text-editor .elementor-drop-cap{float:left;text-align:center;line-height:1;font-size:50px}.elementor-widget-text-editor .elementor-drop-cap-letter{display:inline-block}<\/style>\t\t\t\t<ul>\n<li>Roman Boiling Pot, Kotlje 20km 33min<\/li>\n<li>Poseka, Ravne na Koro\u0161kem 15,9km 27 min<\/li>\n<li>\u010crna na Koro\u0161kem 23, 1km 34min<\/li>\n<li>Bukovnik 25.8km 40min<\/li>\n<li>Kope 45,6km 1h4min<\/li>\n<li>Ribnica na pohorju 54,5km 1h6min<\/li>\n<li>Kotlje 20,1km 33min<\/li>\n<li>Peca 25km 40min<\/li>\n<\/ul>\n\t\t\t\t\t\t<\/div>\n\t\t\t\t<\/div>\n\t\t\t\t\t<\/div>\n\t\t<\/div>\n\t\t\t\t\t\t\t<\/div>\n\t\t<\/section>\n\t\t\t\t\t\t\t<\/div>\n\t\t","protected":false},"excerpt":{"rendered":"<p>Roman Boiling Pot, Kotlje 20km 33min Poseka, Ravne na Koro\u0161kem 15,9km 27 min \u010crna na Koro\u0161kem 23, 1km 34min Bukovnik 25.8km 40min Kope 45,6km 1h4min Ribnica na pohorju 54,5km 1h6min Kotlje 20,1km 33min Peca 25km 40min<\/p>\n","protected":false},"author":1,"featured_media":2796,"parent":0,"menu_order":0,"comment_status":"closed","ping_status":"closed","template":"","meta":{"footnotes":""},"_links":{"self":[{"href":"https:\/\/www.eko-kmetija.si\/en\/wp-json\/wp\/v2\/pages\/2805"}],"collection":[{"href":"https:\/\/www.eko-kmetija.si\/en\/wp-json\/wp\/v2\/pages"}],"about":[{"href":"https:\/\/www.eko-kmetija.si\/en\/wp-json\/wp\/v2\/types\/page"}],"author":[{"embeddable":true,"href":"https:\/\/www.eko-kmetija.si\/en\/wp-json\/wp\/v2\/users\/1"}],"replies":[{"embeddable":true,"href":"https:\/\/www.eko-kmetija.si\/en\/wp-json\/wp\/v2\/comments?post=2805"}],"version-history":[{"count":1,"href":"https:\/\/www.eko-kmetija.si\/en\/wp-json\/wp\/v2\/pages\/2805\/revisions"}],"predecessor-version":[{"id":2806,"href":"https:\/\/www.eko-kmetija.si\/en\/wp-json\/wp\/v2\/pages\/2805\/revisions\/2806"}],"wp:featuredmedia":[{"embeddable":true,"href":"https:\/\/www.eko-kmetija.si\/en\/wp-json\/wp\/v2\/media\/2796"}],"wp:attachment":[{"href":"https:\/\/www.eko-kmetija.si\/en\/wp-json\/wp\/v2\/media?parent=2805"}],"curies":[{"name":"wp","href":"https:\/\/api.w.org\/{rel}","templated":true}]}}