{"id":2897,"date":"2022-07-28T21:35:18","date_gmt":"2022-07-28T21:35:18","guid":{"rendered":"https:\/\/www.eko-kmetija.si\/das-haus-von-georg-und-lena\/"},"modified":"2023-02-23T07:49:56","modified_gmt":"2023-02-23T07:49:56","slug":"das-haus-von-georg-und-lena","status":"publish","type":"page","link":"https:\/\/www.eko-kmetija.si\/de\/das-haus-von-georg-und-lena\/","title":{"rendered":"Das Haus von Georg und Lena"},"content":{"rendered":"\t\t<div data-elementor-type=\"wp-page\" data-elementor-id=\"2897\" class=\"elementor elementor-2897 elementor-774\">\n\t\t\t\t\t\t\t\t\t<section class=\"elementor-section elementor-top-section elementor-element elementor-element-4b9d5199 elementor-section-boxed elementor-section-height-default elementor-section-height-default\" data-id=\"4b9d5199\" data-element_type=\"section\" data-settings=\"{&quot;animation&quot;:&quot;none&quot;}\">\n\t\t\t\t\t\t<div class=\"elementor-container elementor-column-gap-default\">\n\t\t\t\t\t<div class=\"elementor-column elementor-col-100 elementor-top-column elementor-element elementor-element-484f5af\" data-id=\"484f5af\" data-element_type=\"column\" data-settings=\"{&quot;animation&quot;:&quot;none&quot;}\">\n\t\t\t<div class=\"elementor-widget-wrap elementor-element-populated\">\n\t\t\t\t\t\t\t\t<section class=\"elementor-section elementor-inner-section elementor-element elementor-element-0c89b50 animated-slow elementor-section-boxed elementor-section-height-default elementor-section-height-default\" data-id=\"0c89b50\" data-element_type=\"section\" data-settings=\"{&quot;animation&quot;:&quot;none&quot;}\">\n\t\t\t\t\t\t<div class=\"elementor-container elementor-column-gap-default\">\n\t\t\t\t\t<div class=\"elementor-column elementor-col-100 elementor-inner-column elementor-element elementor-element-d95c7c8\" data-id=\"d95c7c8\" data-element_type=\"column\" data-settings=\"{&quot;animation&quot;:&quot;none&quot;}\">\n\t\t\t<div class=\"elementor-widget-wrap elementor-element-populated\">\n\t\t\t\t\t\t\t\t<div class=\"elementor-element elementor-element-9961c6c elementor-icon-list--layout-inline elementor-list-item-link-full_width elementor-widget elementor-widget-icon-list\" data-id=\"9961c6c\" data-element_type=\"widget\" data-widget_type=\"icon-list.default\">\n\t\t\t\t<div class=\"elementor-widget-container\">\n\t\t\t<link rel=\"stylesheet\" href=\"https:\/\/www.eko-kmetija.si\/wp-content\/plugins\/elementor\/assets\/css\/widget-icon-list.min.css\">\t\t<ul class=\"elementor-icon-list-items elementor-inline-items\">\n\t\t\t\t\t\t\t<li class=\"elementor-icon-list-item elementor-inline-item\">\n\t\t\t\t\t\t\t\t\t\t\t<span class=\"elementor-icon-list-icon\">\n\t\t\t\t\t\t\t<i aria-hidden=\"true\" class=\"fas fa-bed\"><\/i>\t\t\t\t\t\t<\/span>\n\t\t\t\t\t\t\t\t\t\t<span class=\"elementor-icon-list-text\">4 Personen<\/span>\n\t\t\t\t\t\t\t\t\t<\/li>\n\t\t\t\t\t\t\t\t<li class=\"elementor-icon-list-item elementor-inline-item\">\n\t\t\t\t\t\t\t\t\t\t\t<span class=\"elementor-icon-list-icon\">\n\t\t\t\t\t\t\t<i aria-hidden=\"true\" class=\"fas fa-arrows-alt\"><\/i>\t\t\t\t\t\t<\/span>\n\t\t\t\t\t\t\t\t\t\t<span class=\"elementor-icon-list-text\">50 m2<\/span>\n\t\t\t\t\t\t\t\t\t<\/li>\n\t\t\t\t\t\t\t\t<li class=\"elementor-icon-list-item elementor-inline-item\">\n\t\t\t\t\t\t\t\t\t\t\t<span class=\"elementor-icon-list-icon\">\n\t\t\t\t\t\t\t<i aria-hidden=\"true\" class=\"fas fa-coffee\"><\/i>\t\t\t\t\t\t<\/span>\n\t\t\t\t\t\t\t\t\t\t<span class=\"elementor-icon-list-text\">Balkon<\/span>\n\t\t\t\t\t\t\t\t\t<\/li>\n\t\t\t\t\t\t\t\t<li class=\"elementor-icon-list-item elementor-inline-item\">\n\t\t\t\t\t\t\t\t\t\t\t<span class=\"elementor-icon-list-icon\">\n\t\t\t\t\t\t\t<i aria-hidden=\"true\" class=\"fas fa-door-closed\"><\/i>\t\t\t\t\t\t<\/span>\n\t\t\t\t\t\t\t\t\t\t<span class=\"elementor-icon-list-text\">Separater Eingang<\/span>\n\t\t\t\t\t\t\t\t\t<\/li>\n\t\t\t\t\t\t\t\t<li class=\"elementor-icon-list-item elementor-inline-item\">\n\t\t\t\t\t\t\t\t\t\t\t<span class=\"elementor-icon-list-icon\">\n\t\t\t\t\t\t\t<svg xmlns=\"http:\/\/www.w3.org\/2000\/svg\" id=\"Capa_1\" height=\"512\" viewBox=\"0 0 512 512\" width=\"512\"><g><path d=\"m482 452h-452c-16.569 0-30 13.431-30 30 0 16.567 13.431 30 30 30h452c16.569 0 30-13.433 30-30 0-16.569-13.431-30-30-30z\"><\/path><path d=\"m482 362h-46v-17c0-66.275-53.725-120-120-120h-136c-33.137 0-60-26.863-60-60v-15h-60v15c0 66.273 53.725 120 120 120h136c33.137 0 60 26.862 60 60v17h-346c-16.5 0-30 13.5-30 30s13.5 30 30 30h452c16.5 0 30-13.5 30-30s-13.5-30-30-30z\"><\/path><circle cx=\"377\" cy=\"75\" r=\"15\"><\/circle><circle cx=\"437\" cy=\"45\" r=\"15\"><\/circle><circle cx=\"497\" cy=\"15\" r=\"15\"><\/circle><circle cx=\"497\" cy=\"75\" r=\"15\"><\/circle><circle cx=\"497\" cy=\"135\" r=\"15\"><\/circle><circle cx=\"437\" cy=\"105\" r=\"15\"><\/circle><path d=\"m15 167.999c8.291 0 15-6.709 15-15v-36.973c0-6.782 4.57-12.744 11.118-14.502l19.889-6.511c-.549 3.265-1.007 6.567-1.007 9.987v15h60v-75c-12.275 0-23.67 3.719-33.177 10.045l-53.469 17.505c-19.643 5.259-33.354 23.145-33.354 43.477v36.973c0 8.29 6.709 14.999 15 14.999z\"><\/path><path d=\"m195 45h-45v60h61c0 24.814 20.186 45 45 45h60c8.291 0 15-6.709 15-15v-120c0-8.291-6.709-15-15-15h-60c-24.814 0-45 20.186-45 45z\"><\/path><\/g><\/svg>\t\t\t\t\t\t<\/span>\n\t\t\t\t\t\t\t\t\t\t<span class=\"elementor-icon-list-text\">Fahrr\u00e4der waschen<\/span>\n\t\t\t\t\t\t\t\t\t<\/li>\n\t\t\t\t\t\t\t\t<li class=\"elementor-icon-list-item elementor-inline-item\">\n\t\t\t\t\t\t\t\t\t\t\t<span class=\"elementor-icon-list-icon\">\n\t\t\t\t\t\t\t<i aria-hidden=\"true\" class=\"fas fa-wifi\"><\/i>\t\t\t\t\t\t<\/span>\n\t\t\t\t\t\t\t\t\t\t<span class=\"elementor-icon-list-text\">WIFI<\/span>\n\t\t\t\t\t\t\t\t\t<\/li>\n\t\t\t\t\t\t<\/ul>\n\t\t\t\t<\/div>\n\t\t\t\t<\/div>\n\t\t\t\t\t<\/div>\n\t\t<\/div>\n\t\t\t\t\t\t\t<\/div>\n\t\t<\/section>\n\t\t\t\t<div class=\"elementor-element elementor-element-f418e50 elementor-widget elementor-widget-text-editor\" data-id=\"f418e50\" data-element_type=\"widget\" data-widget_type=\"text-editor.default\">\n\t\t\t\t<div class=\"elementor-widget-container\">\n\t\t\t<style>\/*! elementor - v3.11.5 - 14-03-2023 *\/\n.elementor-widget-text-editor.elementor-drop-cap-view-stacked .elementor-drop-cap{background-color:#818a91;color:#fff}.elementor-widget-text-editor.elementor-drop-cap-view-framed .elementor-drop-cap{color:#818a91;border:3px solid;background-color:transparent}.elementor-widget-text-editor:not(.elementor-drop-cap-view-default) .elementor-drop-cap{margin-top:8px}.elementor-widget-text-editor:not(.elementor-drop-cap-view-default) .elementor-drop-cap-letter{width:1em;height:1em}.elementor-widget-text-editor .elementor-drop-cap{float:left;text-align:center;line-height:1;font-size:50px}.elementor-widget-text-editor .elementor-drop-cap-letter{display:inline-block}<\/style>\t\t\t\t<p>Als wir beschlossen, unser Angebot zu erweitern, sahen wir eine Gelegenheit in einem alten, verlassenen Haus auf unserem Bauernhof. Das Haus geh\u00f6rte fr\u00fcher den Besitzern unseres Hofes, wurde aber sp\u00e4ter als Wohnhaus f\u00fcr die Knechte genutzt, die fr\u00fcher auf dem Hof halfen. Bei der Restaurierung dieses kleinen Hauses stie\u00dfen wir auf die Jahreszahl 1786 und die eingravierte Unterschrift von George und Lena, den fr\u00fcheren Besitzern. Es ist also \u00fcber 230 Jahre alt, und Sie werden schnell einen besonderen Hauch von Antike sp\u00fcren. Die Einrichtung ist im Stil vergangener Zeiten gehalten, mit alten restaurierten M\u00f6beln und nat\u00fcrlichen Materialien. Die Zimmer im Erdgeschoss haben eine kleine K\u00fcche, eine Essecke, eine Sitzecke und ein Badezimmer. Eine Holztreppe f\u00fchrt nach oben zum Schlafzimmer, das mit einem Doppelbett und einer Doppelschlafcouch ausgestattet ist. Das Haus hat auch einen Balkon, von dem man morgens einen besonders sch\u00f6nen Blick auf den Berg Pec hat. Um das Haus herum gibt es eine eingez\u00e4unte Rasenfl\u00e4che mit einer Feuerstelle, Sonnenliegen und einer \u00fcberdachten Terrasse.<\/p>\n\t\t\t\t\t\t<\/div>\n\t\t\t\t<\/div>\n\t\t\t\t<div class=\"elementor-element elementor-element-feae671 elementor-widget elementor-widget-button\" data-id=\"feae671\" data-element_type=\"widget\" data-widget_type=\"button.default\">\n\t\t\t\t<div class=\"elementor-widget-container\">\n\t\t\t\t\t<div class=\"elementor-button-wrapper\">\n\t\t\t<a href=\"#Buchung\" class=\"elementor-button-link elementor-button elementor-size-md\" role=\"button\">\n\t\t\t\t\t\t<span class=\"elementor-button-content-wrapper\">\n\t\t\t\t\t\t<span class=\"elementor-button-text\">Buchung<\/span>\n\t\t<\/span>\n\t\t\t\t\t<\/a>\n\t\t<\/div>\n\t\t\t\t<\/div>\n\t\t\t\t<\/div>\n\t\t\t\t\t<\/div>\n\t\t<\/div>\n\t\t\t\t\t\t\t<\/div>\n\t\t<\/section>\n\t\t\t\t<section class=\"elementor-section elementor-top-section elementor-element elementor-element-40b6cb8 elementor-section-boxed elementor-section-height-default elementor-section-height-default\" data-id=\"40b6cb8\" data-element_type=\"section\">\n\t\t\t\t\t\t<div class=\"elementor-container elementor-column-gap-default\">\n\t\t\t\t\t<div class=\"elementor-column elementor-col-100 elementor-top-column elementor-element elementor-element-5f4f883\" data-id=\"5f4f883\" data-element_type=\"column\">\n\t\t\t<div class=\"elementor-widget-wrap elementor-element-populated\">\n\t\t\t\t\t\t\t\t<div class=\"elementor-element elementor-element-a2f350f elementor-arrows-position-inside elementor-pagination-position-outside elementor-widget elementor-widget-image-carousel\" data-id=\"a2f350f\" data-element_type=\"widget\" data-settings=\"{&quot;slides_to_show&quot;:&quot;3&quot;,&quot;image_spacing_custom&quot;:{&quot;unit&quot;:&quot;px&quot;,&quot;size&quot;:30,&quot;sizes&quot;:[]},&quot;navigation&quot;:&quot;both&quot;,&quot;autoplay&quot;:&quot;yes&quot;,&quot;pause_on_hover&quot;:&quot;yes&quot;,&quot;pause_on_interaction&quot;:&quot;yes&quot;,&quot;autoplay_speed&quot;:5000,&quot;infinite&quot;:&quot;yes&quot;,&quot;speed&quot;:500,&quot;image_spacing_custom_tablet&quot;:{&quot;unit&quot;:&quot;px&quot;,&quot;size&quot;:&quot;&quot;,&quot;sizes&quot;:[]},&quot;image_spacing_custom_mobile&quot;:{&quot;unit&quot;:&quot;px&quot;,&quot;size&quot;:&quot;&quot;,&quot;sizes&quot;:[]}}\" data-widget_type=\"image-carousel.default\">\n\t\t\t\t<div class=\"elementor-widget-container\">\n\t\t\t<style>\/*! elementor - v3.11.5 - 14-03-2023 *\/\n.elementor-widget-image-carousel .swiper,.elementor-widget-image-carousel .swiper-container{position:static}.elementor-widget-image-carousel .swiper-container .swiper-slide figure,.elementor-widget-image-carousel .swiper .swiper-slide figure{line-height:inherit}.elementor-widget-image-carousel .swiper-slide{text-align:center}.elementor-image-carousel-wrapper:not(.swiper-container-initialized) .swiper-slide,.elementor-image-carousel-wrapper:not(.swiper-initialized) .swiper-slide{max-width:calc(100% \/ var(--e-image-carousel-slides-to-show, 3))}<\/style>\t\t<div class=\"elementor-image-carousel-wrapper swiper-container\" dir=\"ltr\">\n\t\t\t<div class=\"elementor-image-carousel swiper-wrapper\">\n\t\t\t\t\t\t\t\t<div class=\"swiper-slide\"><a data-elementor-open-lightbox=\"yes\" data-elementor-lightbox-slideshow=\"a2f350f\" data-e-action-hash=\"#elementor-action%3Aaction%3Dlightbox%26settings%3DeyJpZCI6MjU2NywidXJsIjoiaHR0cHM6XC9cL3d3dy5la28ta21ldGlqYS5zaVwvd3AtY29udGVudFwvdXBsb2Fkc1wvMjAyMlwvMTFcL0lNR18zODAxLmpwZyIsInNsaWRlc2hvdyI6ImEyZjM1MGYifQ%3D%3D\" href=\"https:\/\/www.eko-kmetija.si\/wp-content\/uploads\/2022\/11\/IMG_3801.jpg\"><figure class=\"swiper-slide-inner\"><img decoding=\"async\" class=\"swiper-slide-image\" src=\"https:\/\/www.eko-kmetija.si\/wp-content\/uploads\/2022\/11\/IMG_3801-768x1024.jpg\" alt=\"IMG_3801\" \/><\/figure><\/a><\/div><div class=\"swiper-slide\"><a data-elementor-open-lightbox=\"yes\" data-elementor-lightbox-slideshow=\"a2f350f\" data-e-action-hash=\"#elementor-action%3Aaction%3Dlightbox%26settings%3DeyJpZCI6MjU2OSwidXJsIjoiaHR0cHM6XC9cL3d3dy5la28ta21ldGlqYS5zaVwvd3AtY29udGVudFwvdXBsb2Fkc1wvMjAyMlwvMTFcL0lNR18zODAzLmpwZyIsInNsaWRlc2hvdyI6ImEyZjM1MGYifQ%3D%3D\" href=\"https:\/\/www.eko-kmetija.si\/wp-content\/uploads\/2022\/11\/IMG_3803.jpg\"><figure class=\"swiper-slide-inner\"><img decoding=\"async\" class=\"swiper-slide-image\" src=\"https:\/\/www.eko-kmetija.si\/wp-content\/uploads\/2022\/11\/IMG_3803-768x1024.jpg\" alt=\"IMG_3803\" \/><\/figure><\/a><\/div><div class=\"swiper-slide\"><a data-elementor-open-lightbox=\"yes\" data-elementor-lightbox-slideshow=\"a2f350f\" data-e-action-hash=\"#elementor-action%3Aaction%3Dlightbox%26settings%3DeyJpZCI6MjU3MSwidXJsIjoiaHR0cHM6XC9cL3d3dy5la28ta21ldGlqYS5zaVwvd3AtY29udGVudFwvdXBsb2Fkc1wvMjAyMlwvMTFcL0lNR18zODA1LmpwZyIsInNsaWRlc2hvdyI6ImEyZjM1MGYifQ%3D%3D\" href=\"https:\/\/www.eko-kmetija.si\/wp-content\/uploads\/2022\/11\/IMG_3805.jpg\"><figure class=\"swiper-slide-inner\"><img decoding=\"async\" class=\"swiper-slide-image\" src=\"https:\/\/www.eko-kmetija.si\/wp-content\/uploads\/2022\/11\/IMG_3805-768x1024.jpg\" alt=\"IMG_3805\" \/><\/figure><\/a><\/div><div class=\"swiper-slide\"><a data-elementor-open-lightbox=\"yes\" data-elementor-lightbox-slideshow=\"a2f350f\" data-e-action-hash=\"#elementor-action%3Aaction%3Dlightbox%26settings%3DeyJpZCI6MjU3MywidXJsIjoiaHR0cHM6XC9cL3d3dy5la28ta21ldGlqYS5zaVwvd3AtY29udGVudFwvdXBsb2Fkc1wvMjAyMlwvMTFcL0lNR18zODE5LmpwZyIsInNsaWRlc2hvdyI6ImEyZjM1MGYifQ%3D%3D\" href=\"https:\/\/www.eko-kmetija.si\/wp-content\/uploads\/2022\/11\/IMG_3819.jpg\"><figure class=\"swiper-slide-inner\"><img decoding=\"async\" class=\"swiper-slide-image\" src=\"https:\/\/www.eko-kmetija.si\/wp-content\/uploads\/2022\/11\/IMG_3819-768x1024.jpg\" alt=\"IMG_3819\" \/><\/figure><\/a><\/div><div class=\"swiper-slide\"><a data-elementor-open-lightbox=\"yes\" data-elementor-lightbox-slideshow=\"a2f350f\" data-e-action-hash=\"#elementor-action%3Aaction%3Dlightbox%26settings%3DeyJpZCI6MjU3NSwidXJsIjoiaHR0cHM6XC9cL3d3dy5la28ta21ldGlqYS5zaVwvd3AtY29udGVudFwvdXBsb2Fkc1wvMjAyMlwvMTFcL0lNR18zODM2LmpwZyIsInNsaWRlc2hvdyI6ImEyZjM1MGYifQ%3D%3D\" href=\"https:\/\/www.eko-kmetija.si\/wp-content\/uploads\/2022\/11\/IMG_3836.jpg\"><figure class=\"swiper-slide-inner\"><img decoding=\"async\" class=\"swiper-slide-image\" src=\"https:\/\/www.eko-kmetija.si\/wp-content\/uploads\/2022\/11\/IMG_3836-1024x768.jpg\" alt=\"IMG_3836\" \/><\/figure><\/a><\/div><div class=\"swiper-slide\"><a data-elementor-open-lightbox=\"yes\" data-elementor-lightbox-slideshow=\"a2f350f\" data-e-action-hash=\"#elementor-action%3Aaction%3Dlightbox%26settings%3DeyJpZCI6MjU3NywidXJsIjoiaHR0cHM6XC9cL3d3dy5la28ta21ldGlqYS5zaVwvd3AtY29udGVudFwvdXBsb2Fkc1wvMjAyMlwvMTFcL0lNR18zODQ4LmpwZyIsInNsaWRlc2hvdyI6ImEyZjM1MGYifQ%3D%3D\" href=\"https:\/\/www.eko-kmetija.si\/wp-content\/uploads\/2022\/11\/IMG_3848.jpg\"><figure class=\"swiper-slide-inner\"><img decoding=\"async\" class=\"swiper-slide-image\" src=\"https:\/\/www.eko-kmetija.si\/wp-content\/uploads\/2022\/11\/IMG_3848-768x1024.jpg\" alt=\"IMG_3848\" \/><\/figure><\/a><\/div><div class=\"swiper-slide\"><a data-elementor-open-lightbox=\"yes\" data-elementor-lightbox-slideshow=\"a2f350f\" data-e-action-hash=\"#elementor-action%3Aaction%3Dlightbox%26settings%3DeyJpZCI6MjU3OSwidXJsIjoiaHR0cHM6XC9cL3d3dy5la28ta21ldGlqYS5zaVwvd3AtY29udGVudFwvdXBsb2Fkc1wvMjAyMlwvMTFcL0lNR18zODUwLmpwZyIsInNsaWRlc2hvdyI6ImEyZjM1MGYifQ%3D%3D\" href=\"https:\/\/www.eko-kmetija.si\/wp-content\/uploads\/2022\/11\/IMG_3850.jpg\"><figure class=\"swiper-slide-inner\"><img decoding=\"async\" class=\"swiper-slide-image\" src=\"https:\/\/www.eko-kmetija.si\/wp-content\/uploads\/2022\/11\/IMG_3850-768x1024.jpg\" alt=\"IMG_3850\" \/><\/figure><\/a><\/div><div class=\"swiper-slide\"><a data-elementor-open-lightbox=\"yes\" data-elementor-lightbox-slideshow=\"a2f350f\" data-e-action-hash=\"#elementor-action%3Aaction%3Dlightbox%26settings%3DeyJpZCI6MjU4MSwidXJsIjoiaHR0cHM6XC9cL3d3dy5la28ta21ldGlqYS5zaVwvd3AtY29udGVudFwvdXBsb2Fkc1wvMjAyMlwvMTFcL0lNR18zODY0LmpwZyIsInNsaWRlc2hvdyI6ImEyZjM1MGYifQ%3D%3D\" href=\"https:\/\/www.eko-kmetija.si\/wp-content\/uploads\/2022\/11\/IMG_3864.jpg\"><figure class=\"swiper-slide-inner\"><img decoding=\"async\" class=\"swiper-slide-image\" src=\"https:\/\/www.eko-kmetija.si\/wp-content\/uploads\/2022\/11\/IMG_3864-768x1024.jpg\" alt=\"IMG_3864\" \/><\/figure><\/a><\/div><div class=\"swiper-slide\"><a data-elementor-open-lightbox=\"yes\" data-elementor-lightbox-slideshow=\"a2f350f\" data-e-action-hash=\"#elementor-action%3Aaction%3Dlightbox%26settings%3DeyJpZCI6MjU4MywidXJsIjoiaHR0cHM6XC9cL3d3dy5la28ta21ldGlqYS5zaVwvd3AtY29udGVudFwvdXBsb2Fkc1wvMjAyMlwvMTFcL0lNR18zODcwLmpwZyIsInNsaWRlc2hvdyI6ImEyZjM1MGYifQ%3D%3D\" href=\"https:\/\/www.eko-kmetija.si\/wp-content\/uploads\/2022\/11\/IMG_3870.jpg\"><figure class=\"swiper-slide-inner\"><img decoding=\"async\" class=\"swiper-slide-image\" src=\"https:\/\/www.eko-kmetija.si\/wp-content\/uploads\/2022\/11\/IMG_3870-768x1024.jpg\" alt=\"IMG_3870\" \/><\/figure><\/a><\/div><div class=\"swiper-slide\"><a data-elementor-open-lightbox=\"yes\" data-elementor-lightbox-slideshow=\"a2f350f\" data-e-action-hash=\"#elementor-action%3Aaction%3Dlightbox%26settings%3DeyJpZCI6MjU4NywidXJsIjoiaHR0cHM6XC9cL3d3dy5la28ta21ldGlqYS5zaVwvd3AtY29udGVudFwvdXBsb2Fkc1wvMjAyMlwvMTFcL0lNR18zODc3LmpwZyIsInNsaWRlc2hvdyI6ImEyZjM1MGYifQ%3D%3D\" href=\"https:\/\/www.eko-kmetija.si\/wp-content\/uploads\/2022\/11\/IMG_3877.jpg\"><figure class=\"swiper-slide-inner\"><img decoding=\"async\" class=\"swiper-slide-image\" src=\"https:\/\/www.eko-kmetija.si\/wp-content\/uploads\/2022\/11\/IMG_3877-1024x768.jpg\" alt=\"IMG_3877\" \/><\/figure><\/a><\/div><div class=\"swiper-slide\"><a data-elementor-open-lightbox=\"yes\" data-elementor-lightbox-slideshow=\"a2f350f\" data-e-action-hash=\"#elementor-action%3Aaction%3Dlightbox%26settings%3DeyJpZCI6MjU5MywidXJsIjoiaHR0cHM6XC9cL3d3dy5la28ta21ldGlqYS5zaVwvd3AtY29udGVudFwvdXBsb2Fkc1wvMjAyMlwvMTFcL0lNR18zNzg1LmpwZyIsInNsaWRlc2hvdyI6ImEyZjM1MGYifQ%3D%3D\" href=\"https:\/\/www.eko-kmetija.si\/wp-content\/uploads\/2022\/11\/IMG_3785.jpg\"><figure class=\"swiper-slide-inner\"><img decoding=\"async\" class=\"swiper-slide-image\" src=\"https:\/\/www.eko-kmetija.si\/wp-content\/uploads\/2022\/11\/IMG_3785-1024x768.jpg\" alt=\"IMG_3785\" \/><\/figure><\/a><\/div><div class=\"swiper-slide\"><a data-elementor-open-lightbox=\"yes\" data-elementor-lightbox-slideshow=\"a2f350f\" data-e-action-hash=\"#elementor-action%3Aaction%3Dlightbox%26settings%3DeyJpZCI6MjU5NSwidXJsIjoiaHR0cHM6XC9cL3d3dy5la28ta21ldGlqYS5zaVwvd3AtY29udGVudFwvdXBsb2Fkc1wvMjAyMlwvMTFcL0lNR18zNzg5LmpwZyIsInNsaWRlc2hvdyI6ImEyZjM1MGYifQ%3D%3D\" href=\"https:\/\/www.eko-kmetija.si\/wp-content\/uploads\/2022\/11\/IMG_3789.jpg\"><figure class=\"swiper-slide-inner\"><img decoding=\"async\" class=\"swiper-slide-image\" src=\"https:\/\/www.eko-kmetija.si\/wp-content\/uploads\/2022\/11\/IMG_3789-768x1024.jpg\" alt=\"IMG_3789\" \/><\/figure><\/a><\/div><div class=\"swiper-slide\"><a data-elementor-open-lightbox=\"yes\" data-elementor-lightbox-slideshow=\"a2f350f\" data-e-action-hash=\"#elementor-action%3Aaction%3Dlightbox%26settings%3DeyJpZCI6MjU5NywidXJsIjoiaHR0cHM6XC9cL3d3dy5la28ta21ldGlqYS5zaVwvd3AtY29udGVudFwvdXBsb2Fkc1wvMjAyMlwvMTFcL0lNR18zNzk2LmpwZyIsInNsaWRlc2hvdyI6ImEyZjM1MGYifQ%3D%3D\" href=\"https:\/\/www.eko-kmetija.si\/wp-content\/uploads\/2022\/11\/IMG_3796.jpg\"><figure class=\"swiper-slide-inner\"><img decoding=\"async\" class=\"swiper-slide-image\" src=\"https:\/\/www.eko-kmetija.si\/wp-content\/uploads\/2022\/11\/IMG_3796-768x1024.jpg\" alt=\"IMG_3796\" \/><\/figure><\/a><\/div><div class=\"swiper-slide\"><a data-elementor-open-lightbox=\"yes\" data-elementor-lightbox-slideshow=\"a2f350f\" data-e-action-hash=\"#elementor-action%3Aaction%3Dlightbox%26settings%3DeyJpZCI6MjY5MSwidXJsIjoiaHR0cHM6XC9cL3d3dy5la28ta21ldGlqYS5zaVwvd3AtY29udGVudFwvdXBsb2Fkc1wvMjAyM1wvMDFcL0lNR18zNzc3LmpwZyIsInNsaWRlc2hvdyI6ImEyZjM1MGYifQ%3D%3D\" href=\"https:\/\/www.eko-kmetija.si\/wp-content\/uploads\/2023\/01\/IMG_3777.jpg\"><figure class=\"swiper-slide-inner\"><img decoding=\"async\" class=\"swiper-slide-image\" src=\"https:\/\/www.eko-kmetija.si\/wp-content\/uploads\/2023\/01\/IMG_3777-1024x768.jpg\" alt=\"IMG_3777\" \/><\/figure><\/a><\/div><div class=\"swiper-slide\"><a data-elementor-open-lightbox=\"yes\" data-elementor-lightbox-slideshow=\"a2f350f\" data-e-action-hash=\"#elementor-action%3Aaction%3Dlightbox%26settings%3DeyJpZCI6MjY5MywidXJsIjoiaHR0cHM6XC9cL3d3dy5la28ta21ldGlqYS5zaVwvd3AtY29udGVudFwvdXBsb2Fkc1wvMjAyM1wvMDFcL0lNR18zNzc0LmpwZyIsInNsaWRlc2hvdyI6ImEyZjM1MGYifQ%3D%3D\" href=\"https:\/\/www.eko-kmetija.si\/wp-content\/uploads\/2023\/01\/IMG_3774.jpg\"><figure class=\"swiper-slide-inner\"><img decoding=\"async\" class=\"swiper-slide-image\" src=\"https:\/\/www.eko-kmetija.si\/wp-content\/uploads\/2023\/01\/IMG_3774-768x1024.jpg\" alt=\"IMG_3774\" \/><\/figure><\/a><\/div>\t\t\t<\/div>\n\t\t\t\t\t\t\t\t\t\t\t\t<div class=\"swiper-pagination\"><\/div>\n\t\t\t\t\t\t\t\t\t\t\t\t\t<div class=\"elementor-swiper-button elementor-swiper-button-prev\">\n\t\t\t\t\t\t<i aria-hidden=\"true\" class=\"eicon-chevron-left\"><\/i>\t\t\t\t\t\t<span class=\"elementor-screen-only\">Zur\u00fcck<\/span>\n\t\t\t\t\t<\/div>\n\t\t\t\t\t<div class=\"elementor-swiper-button elementor-swiper-button-next\">\n\t\t\t\t\t\t<i aria-hidden=\"true\" class=\"eicon-chevron-right\"><\/i>\t\t\t\t\t\t<span class=\"elementor-screen-only\">Weiter<\/span>\n\t\t\t\t\t<\/div>\n\t\t\t\t\t\t\t\t\t<\/div>\n\t\t\t\t<\/div>\n\t\t\t\t<\/div>\n\t\t\t\t\t<\/div>\n\t\t<\/div>\n\t\t\t\t\t\t\t<\/div>\n\t\t<\/section>\n\t\t\t\t<section class=\"elementor-section elementor-top-section elementor-element elementor-element-47e2ec5 elementor-section-boxed elementor-section-height-default elementor-section-height-default\" data-id=\"47e2ec5\" data-element_type=\"section\">\n\t\t\t\t\t\t<div class=\"elementor-container elementor-column-gap-default\">\n\t\t\t\t\t<div class=\"elementor-column elementor-col-100 elementor-top-column elementor-element elementor-element-9d4cd00\" data-id=\"9d4cd00\" data-element_type=\"column\">\n\t\t\t<div class=\"elementor-widget-wrap elementor-element-populated\">\n\t\t\t\t\t\t\t\t<div class=\"elementor-element elementor-element-cca2107 elementor-widget elementor-widget-html\" data-id=\"cca2107\" data-element_type=\"widget\" id=\"rezervacija\" data-widget_type=\"html.default\">\n\t\t\t\t<div class=\"elementor-widget-container\">\n\t\t\t<script src=\"\/\/www.bentral.com\/service\/embed\/booking.js?id=5f5445794d515f4d&unit=5f4441334d415f4f&width=full&poweredby=0&lang=de&key=ae28f046f1def35b5a2331f60f5dd7f8\"><\/script>\t\t<\/div>\n\t\t\t\t<\/div>\n\t\t\t\t\t<\/div>\n\t\t<\/div>\n\t\t\t\t\t\t\t<\/div>\n\t\t<\/section>\n\t\t\t\t\t\t\t<\/div>\n\t\t","protected":false},"excerpt":{"rendered":"<p>4 Personen 50 m2 Balkon Separater Eingang Fahrr\u00e4der waschen WIFI Als wir beschlossen, unser Angebot zu erweitern, sahen wir eine Gelegenheit in einem alten, verlassenen Haus auf unserem Bauernhof. Das Haus geh\u00f6rte fr\u00fcher den Besitzern unseres Hofes, wurde aber sp\u00e4ter als Wohnhaus f\u00fcr die Knechte genutzt, die fr\u00fcher auf dem Hof halfen. Bei der Restaurierung [&hellip;]<\/p>\n","protected":false},"author":1,"featured_media":2409,"parent":0,"menu_order":0,"comment_status":"closed","ping_status":"closed","template":"","meta":{"footnotes":""},"_links":{"self":[{"href":"https:\/\/www.eko-kmetija.si\/de\/wp-json\/wp\/v2\/pages\/2897"}],"collection":[{"href":"https:\/\/www.eko-kmetija.si\/de\/wp-json\/wp\/v2\/pages"}],"about":[{"href":"https:\/\/www.eko-kmetija.si\/de\/wp-json\/wp\/v2\/types\/page"}],"author":[{"embeddable":true,"href":"https:\/\/www.eko-kmetija.si\/de\/wp-json\/wp\/v2\/users\/1"}],"replies":[{"embeddable":true,"href":"https:\/\/www.eko-kmetija.si\/de\/wp-json\/wp\/v2\/comments?post=2897"}],"version-history":[{"count":4,"href":"https:\/\/www.eko-kmetija.si\/de\/wp-json\/wp\/v2\/pages\/2897\/revisions"}],"predecessor-version":[{"id":3286,"href":"https:\/\/www.eko-kmetija.si\/de\/wp-json\/wp\/v2\/pages\/2897\/revisions\/3286"}],"wp:featuredmedia":[{"embeddable":true,"href":"https:\/\/www.eko-kmetija.si\/de\/wp-json\/wp\/v2\/media\/2409"}],"wp:attachment":[{"href":"https:\/\/www.eko-kmetija.si\/de\/wp-json\/wp\/v2\/media?parent=2897"}],"curies":[{"name":"wp","href":"https:\/\/api.w.org\/{rel}","templated":true}]}}