{"id":2894,"date":"2022-07-07T22:00:31","date_gmt":"2022-07-07T22:00:31","guid":{"rendered":"https:\/\/www.eko-kmetija.si\/kulinarisches\/"},"modified":"2023-02-18T17:16:31","modified_gmt":"2023-02-18T17:16:31","slug":"kulinarisches","status":"publish","type":"page","link":"https:\/\/www.eko-kmetija.si\/de\/kulinarisches\/","title":{"rendered":"Kulinarisches"},"content":{"rendered":"\t\t<div data-elementor-type=\"wp-page\" data-elementor-id=\"2894\" class=\"elementor elementor-2894 elementor-362\">\n\t\t\t\t\t\t\t\t\t<section class=\"elementor-section elementor-top-section elementor-element elementor-element-32386cc elementor-section-boxed elementor-section-height-default elementor-section-height-default\" data-id=\"32386cc\" data-element_type=\"section\">\n\t\t\t\t\t\t<div class=\"elementor-container elementor-column-gap-default\">\n\t\t\t\t\t<div class=\"elementor-column elementor-col-100 elementor-top-column elementor-element elementor-element-c959b13\" data-id=\"c959b13\" data-element_type=\"column\">\n\t\t\t<div class=\"elementor-widget-wrap elementor-element-populated\">\n\t\t\t\t\t\t\t\t<div class=\"elementor-element elementor-element-f8384cf elementor-widget elementor-widget-text-editor\" data-id=\"f8384cf\" data-element_type=\"widget\" data-widget_type=\"text-editor.default\">\n\t\t\t\t<div class=\"elementor-widget-container\">\n\t\t\t<style>\/*! elementor - v3.11.5 - 14-03-2023 *\/\n.elementor-widget-text-editor.elementor-drop-cap-view-stacked .elementor-drop-cap{background-color:#818a91;color:#fff}.elementor-widget-text-editor.elementor-drop-cap-view-framed .elementor-drop-cap{color:#818a91;border:3px solid;background-color:transparent}.elementor-widget-text-editor:not(.elementor-drop-cap-view-default) .elementor-drop-cap{margin-top:8px}.elementor-widget-text-editor:not(.elementor-drop-cap-view-default) .elementor-drop-cap-letter{width:1em;height:1em}.elementor-widget-text-editor .elementor-drop-cap{float:left;text-align:center;line-height:1;font-size:50px}.elementor-widget-text-editor .elementor-drop-cap-letter{display:inline-block}<\/style>\t\t\t\t<p>In Mikln k\u00f6nnen Sie traditionelle <strong>K\u00e4rntner Gerichte<\/strong> wie Buchweizengr\u00fctze mit Sauermilch genie\u00dfen,<br \/>Kuchen, im Holzofen gebackenes Roggenbrot (mit Hefe), H\u00fcttenk\u00e4se mit Zwiebeln und K\u00fcrbis\u00f6l, getrocknete<br \/>Wurstwaren, rpic&#8217;s Suppe, povitneki, tovsti grumpi, Strudel, kvo\u010de&#8217;s Nudeln.<\/p>\n<p>Erfrischen Sie sich mit: <strong>Cidre<\/strong> (Apfelwein) und <strong>Apfelsaft<\/strong><strong>.<\/strong><\/p>\n<p>Die Speisen und Getr\u00e4nke, die wir servieren, werden auf unserem Bauernhof hergestellt. Die Landwirtschaft basiert auf<br \/><strong>nachhaltige und \u00f6kologische Produktion<\/strong>. Wir bauen verschiedene Getreidesorten an (Roggen, Dinkel, Hafer, usw.),<br \/>Gem\u00fcse, Kr\u00e4uter, Johannisbeeren, Himbeeren, alte Apfelsorten, Birnen, Kirschen, Pflaumen, Erdbeeren, in den umliegenden W\u00e4ldern<br \/>und Blaubeeren und Pilze sammeln. Wir haben auch eine eigene Imkerei, in der wir lokalen Honig produzieren. Unser<br \/>Die Rinder verbringen den gr\u00f6\u00dften Teil des Jahres auf der Weide, was eine hohe Fleischqualit\u00e4t gew\u00e4hrleistet. Alle Tiere werden von zu Hause aus gef\u00fcttert<br \/>Wir achten besonders darauf, dass sich die Tiere wohlf\u00fchlen und das bestm\u00f6gliche Futter erhalten.<br \/>Lebensbedingungen.<\/p>\n\t\t\t\t\t\t<\/div>\n\t\t\t\t<\/div>\n\t\t\t\t<div class=\"elementor-element elementor-element-dec1f5c elementor-arrows-position-inside elementor-pagination-position-outside elementor-widget elementor-widget-image-carousel\" data-id=\"dec1f5c\" data-element_type=\"widget\" data-settings=\"{&quot;slides_to_show&quot;:&quot;3&quot;,&quot;navigation&quot;:&quot;both&quot;,&quot;autoplay&quot;:&quot;yes&quot;,&quot;pause_on_hover&quot;:&quot;yes&quot;,&quot;pause_on_interaction&quot;:&quot;yes&quot;,&quot;autoplay_speed&quot;:5000,&quot;infinite&quot;:&quot;yes&quot;,&quot;speed&quot;:500,&quot;image_spacing_custom&quot;:{&quot;unit&quot;:&quot;px&quot;,&quot;size&quot;:20,&quot;sizes&quot;:[]},&quot;image_spacing_custom_tablet&quot;:{&quot;unit&quot;:&quot;px&quot;,&quot;size&quot;:&quot;&quot;,&quot;sizes&quot;:[]},&quot;image_spacing_custom_mobile&quot;:{&quot;unit&quot;:&quot;px&quot;,&quot;size&quot;:&quot;&quot;,&quot;sizes&quot;:[]}}\" data-widget_type=\"image-carousel.default\">\n\t\t\t\t<div class=\"elementor-widget-container\">\n\t\t\t<style>\/*! elementor - v3.11.5 - 14-03-2023 *\/\n.elementor-widget-image-carousel .swiper,.elementor-widget-image-carousel .swiper-container{position:static}.elementor-widget-image-carousel .swiper-container .swiper-slide figure,.elementor-widget-image-carousel .swiper .swiper-slide figure{line-height:inherit}.elementor-widget-image-carousel .swiper-slide{text-align:center}.elementor-image-carousel-wrapper:not(.swiper-container-initialized) .swiper-slide,.elementor-image-carousel-wrapper:not(.swiper-initialized) .swiper-slide{max-width:calc(100% \/ var(--e-image-carousel-slides-to-show, 3))}<\/style>\t\t<div class=\"elementor-image-carousel-wrapper swiper-container\" dir=\"ltr\">\n\t\t\t<div class=\"elementor-image-carousel swiper-wrapper\">\n\t\t\t\t\t\t\t\t<div class=\"swiper-slide\"><a data-elementor-open-lightbox=\"yes\" data-elementor-lightbox-slideshow=\"dec1f5c\" data-e-action-hash=\"#elementor-action%3Aaction%3Dlightbox%26settings%3DeyJpZCI6Mjc1NywidXJsIjoiaHR0cHM6XC9cL3d3dy5la28ta21ldGlqYS5zaVwvd3AtY29udGVudFwvdXBsb2Fkc1wvMjAyM1wvMDJcL0VLT19LbWV0aWphX01JS0xfS3VsaW5hcmlrYV8xLmpwZyIsInNsaWRlc2hvdyI6ImRlYzFmNWMifQ%3D%3D\" href=\"https:\/\/www.eko-kmetija.si\/wp-content\/uploads\/2023\/02\/EKO_Kmetija_MIKL_Kulinarika_1.jpg\"><figure class=\"swiper-slide-inner\"><img decoding=\"async\" class=\"swiper-slide-image\" src=\"https:\/\/www.eko-kmetija.si\/wp-content\/uploads\/2023\/02\/EKO_Kmetija_MIKL_Kulinarika_1-1024x682.jpg\" alt=\"EKO_Kmetija_MIKL_Kulinarika_1\" \/><\/figure><\/a><\/div><div class=\"swiper-slide\"><a data-elementor-open-lightbox=\"yes\" data-elementor-lightbox-slideshow=\"dec1f5c\" data-e-action-hash=\"#elementor-action%3Aaction%3Dlightbox%26settings%3DeyJpZCI6Mjc1OSwidXJsIjoiaHR0cHM6XC9cL3d3dy5la28ta21ldGlqYS5zaVwvd3AtY29udGVudFwvdXBsb2Fkc1wvMjAyM1wvMDJcL0VLT19LbWV0aWphX01JS0xfS3VsaW5hcmlrYV8yLmpwZyIsInNsaWRlc2hvdyI6ImRlYzFmNWMifQ%3D%3D\" href=\"https:\/\/www.eko-kmetija.si\/wp-content\/uploads\/2023\/02\/EKO_Kmetija_MIKL_Kulinarika_2.jpg\"><figure class=\"swiper-slide-inner\"><img decoding=\"async\" class=\"swiper-slide-image\" src=\"https:\/\/www.eko-kmetija.si\/wp-content\/uploads\/2023\/02\/EKO_Kmetija_MIKL_Kulinarika_2-1024x682.jpg\" alt=\"EKO_Kmetija_MIKL_Kulinarika_2\" \/><\/figure><\/a><\/div><div class=\"swiper-slide\"><a data-elementor-open-lightbox=\"yes\" data-elementor-lightbox-slideshow=\"dec1f5c\" data-e-action-hash=\"#elementor-action%3Aaction%3Dlightbox%26settings%3DeyJpZCI6Mjc2MSwidXJsIjoiaHR0cHM6XC9cL3d3dy5la28ta21ldGlqYS5zaVwvd3AtY29udGVudFwvdXBsb2Fkc1wvMjAyM1wvMDJcL0VLT19LbWV0aWphX01JS0xfS3VsaW5hcmlrYV8zLmpwZyIsInNsaWRlc2hvdyI6ImRlYzFmNWMifQ%3D%3D\" href=\"https:\/\/www.eko-kmetija.si\/wp-content\/uploads\/2023\/02\/EKO_Kmetija_MIKL_Kulinarika_3.jpg\"><figure class=\"swiper-slide-inner\"><img decoding=\"async\" class=\"swiper-slide-image\" src=\"https:\/\/www.eko-kmetija.si\/wp-content\/uploads\/2023\/02\/EKO_Kmetija_MIKL_Kulinarika_3-1024x682.jpg\" alt=\"EKO_Kmetija_MIKL_Kulinarika_3\" \/><\/figure><\/a><\/div><div class=\"swiper-slide\"><a data-elementor-open-lightbox=\"yes\" data-elementor-lightbox-slideshow=\"dec1f5c\" data-e-action-hash=\"#elementor-action%3Aaction%3Dlightbox%26settings%3DeyJpZCI6Mjc2MywidXJsIjoiaHR0cHM6XC9cL3d3dy5la28ta21ldGlqYS5zaVwvd3AtY29udGVudFwvdXBsb2Fkc1wvMjAyM1wvMDJcL0VLT19LbWV0aWphX01JS0xfS3VsaW5hcmlrYV81LmpwZyIsInNsaWRlc2hvdyI6ImRlYzFmNWMifQ%3D%3D\" href=\"https:\/\/www.eko-kmetija.si\/wp-content\/uploads\/2023\/02\/EKO_Kmetija_MIKL_Kulinarika_5.jpg\"><figure class=\"swiper-slide-inner\"><img decoding=\"async\" class=\"swiper-slide-image\" src=\"https:\/\/www.eko-kmetija.si\/wp-content\/uploads\/2023\/02\/EKO_Kmetija_MIKL_Kulinarika_5-1024x682.jpg\" alt=\"EKO_Kmetija_MIKL_Kulinarika_5\" \/><\/figure><\/a><\/div><div class=\"swiper-slide\"><a data-elementor-open-lightbox=\"yes\" data-elementor-lightbox-slideshow=\"dec1f5c\" data-e-action-hash=\"#elementor-action%3Aaction%3Dlightbox%26settings%3DeyJpZCI6Mjc2NSwidXJsIjoiaHR0cHM6XC9cL3d3dy5la28ta21ldGlqYS5zaVwvd3AtY29udGVudFwvdXBsb2Fkc1wvMjAyM1wvMDJcL0Vrb19rbWV0aWphX01pbGtfa3VsaW5hcmlrYV8xLmpwZyIsInNsaWRlc2hvdyI6ImRlYzFmNWMifQ%3D%3D\" href=\"https:\/\/www.eko-kmetija.si\/wp-content\/uploads\/2023\/02\/Eko_kmetija_Milk_kulinarika_1.jpg\"><figure class=\"swiper-slide-inner\"><img decoding=\"async\" class=\"swiper-slide-image\" src=\"https:\/\/www.eko-kmetija.si\/wp-content\/uploads\/2023\/02\/Eko_kmetija_Milk_kulinarika_1-1024x680.jpg\" alt=\"Eko_kmetija_Milk_kulinarika_1\" \/><\/figure><\/a><\/div>\t\t\t<\/div>\n\t\t\t\t\t\t\t\t\t\t\t\t<div class=\"swiper-pagination\"><\/div>\n\t\t\t\t\t\t\t\t\t\t\t\t\t<div class=\"elementor-swiper-button elementor-swiper-button-prev\">\n\t\t\t\t\t\t<i aria-hidden=\"true\" class=\"eicon-chevron-left\"><\/i>\t\t\t\t\t\t<span class=\"elementor-screen-only\">Zur\u00fcck<\/span>\n\t\t\t\t\t<\/div>\n\t\t\t\t\t<div class=\"elementor-swiper-button elementor-swiper-button-next\">\n\t\t\t\t\t\t<i aria-hidden=\"true\" class=\"eicon-chevron-right\"><\/i>\t\t\t\t\t\t<span class=\"elementor-screen-only\">Weiter<\/span>\n\t\t\t\t\t<\/div>\n\t\t\t\t\t\t\t\t\t<\/div>\n\t\t\t\t<\/div>\n\t\t\t\t<\/div>\n\t\t\t\t\t<\/div>\n\t\t<\/div>\n\t\t\t\t\t\t\t<\/div>\n\t\t<\/section>\n\t\t\t\t\t\t\t<\/div>\n\t\t","protected":false},"excerpt":{"rendered":"<p>In Mikln k\u00f6nnen Sie traditionelle K\u00e4rntner Gerichte wie Buchweizengr\u00fctze mit Sauermilch genie\u00dfen,Kuchen, im Holzofen gebackenes Roggenbrot (mit Hefe), H\u00fcttenk\u00e4se mit Zwiebeln und K\u00fcrbis\u00f6l, getrockneteWurstwaren, rpic&#8217;s Suppe, povitneki, tovsti grumpi, Strudel, kvo\u010de&#8217;s Nudeln. Erfrischen Sie sich mit: Cidre (Apfelwein) und Apfelsaft. Die Speisen und Getr\u00e4nke, die wir servieren, werden auf unserem Bauernhof hergestellt. Die Landwirtschaft basiert [&hellip;]<\/p>\n","protected":false},"author":1,"featured_media":2765,"parent":0,"menu_order":0,"comment_status":"closed","ping_status":"closed","template":"","meta":{"footnotes":""},"_links":{"self":[{"href":"https:\/\/www.eko-kmetija.si\/de\/wp-json\/wp\/v2\/pages\/2894"}],"collection":[{"href":"https:\/\/www.eko-kmetija.si\/de\/wp-json\/wp\/v2\/pages"}],"about":[{"href":"https:\/\/www.eko-kmetija.si\/de\/wp-json\/wp\/v2\/types\/page"}],"author":[{"embeddable":true,"href":"https:\/\/www.eko-kmetija.si\/de\/wp-json\/wp\/v2\/users\/1"}],"replies":[{"embeddable":true,"href":"https:\/\/www.eko-kmetija.si\/de\/wp-json\/wp\/v2\/comments?post=2894"}],"version-history":[{"count":1,"href":"https:\/\/www.eko-kmetija.si\/de\/wp-json\/wp\/v2\/pages\/2894\/revisions"}],"predecessor-version":[{"id":2896,"href":"https:\/\/www.eko-kmetija.si\/de\/wp-json\/wp\/v2\/pages\/2894\/revisions\/2896"}],"wp:featuredmedia":[{"embeddable":true,"href":"https:\/\/www.eko-kmetija.si\/de\/wp-json\/wp\/v2\/media\/2765"}],"wp:attachment":[{"href":"https:\/\/www.eko-kmetija.si\/de\/wp-json\/wp\/v2\/media?parent=2894"}],"curies":[{"name":"wp","href":"https:\/\/api.w.org\/{rel}","templated":true}]}}