{"id":2829,"date":"2023-01-25T13:04:47","date_gmt":"2023-01-25T13:04:47","guid":{"rendered":"https:\/\/www.eko-kmetija.si\/wandern\/"},"modified":"2023-02-18T17:09:36","modified_gmt":"2023-02-18T17:09:36","slug":"wandern","status":"publish","type":"page","link":"https:\/\/www.eko-kmetija.si\/de\/wandern\/","title":{"rendered":"Wandern"},"content":{"rendered":"\t\t<div data-elementor-type=\"wp-page\" data-elementor-id=\"2829\" class=\"elementor elementor-2829 elementor-1976\">\n\t\t\t\t\t\t\t\t\t<section class=\"elementor-section elementor-top-section elementor-element elementor-element-685ae15 elementor-section-boxed elementor-section-height-default elementor-section-height-default\" data-id=\"685ae15\" data-element_type=\"section\">\n\t\t\t\t\t\t<div class=\"elementor-container elementor-column-gap-default\">\n\t\t\t\t\t<div class=\"elementor-column elementor-col-100 elementor-top-column elementor-element elementor-element-cc1049b\" data-id=\"cc1049b\" data-element_type=\"column\">\n\t\t\t<div class=\"elementor-widget-wrap elementor-element-populated\">\n\t\t\t\t\t\t\t\t<div class=\"elementor-element elementor-element-8cf4195 elementor-widget elementor-widget-text-editor\" data-id=\"8cf4195\" data-element_type=\"widget\" data-widget_type=\"text-editor.default\">\n\t\t\t\t<div class=\"elementor-widget-container\">\n\t\t\t<style>\/*! elementor - v3.11.5 - 14-03-2023 *\/\n.elementor-widget-text-editor.elementor-drop-cap-view-stacked .elementor-drop-cap{background-color:#818a91;color:#fff}.elementor-widget-text-editor.elementor-drop-cap-view-framed .elementor-drop-cap{color:#818a91;border:3px solid;background-color:transparent}.elementor-widget-text-editor:not(.elementor-drop-cap-view-default) .elementor-drop-cap{margin-top:8px}.elementor-widget-text-editor:not(.elementor-drop-cap-view-default) .elementor-drop-cap-letter{width:1em;height:1em}.elementor-widget-text-editor .elementor-drop-cap{float:left;text-align:center;line-height:1;font-size:50px}.elementor-widget-text-editor .elementor-drop-cap-letter{display:inline-block}<\/style>\t\t\t\t<div>WANDERN<\/div>\n<div>In der N\u00e4he:<\/div>\n<ul>\n<li>Route der M\u00fcller  <i> <\/i><\/li>\n<li>\u0160entanel<\/li>\n<li><a href=\"https:\/\/www.hribi.net\/gora\/pokerznikov_vrh\/162\/3071\">Strojna-Pokr\u017enikov vrh(1055m.\u00fc.d.M.)  <\/a>   <\/li>\n<\/ul>\n<div>            <\/div>\n<p>GORE<\/p>\n<ul>\n<li>Peca (Kralj Matja\u017e) 2.126 m<\/li>\n<li>Ur\u0161lja gora (die h\u00f6chste Kirche in Slowenien) 1.699 m<\/li>\n<li>Smrekovec (vulkanischer Berg) 1.377 m<\/li>\n<li>Obir 2.139 m<\/li>\n<li>Ol\u0161eva (Poto\u010dka zijalka &#8211; 1.929 m<\/li>\n<li>Raduha(2062m)<\/li>\n<\/ul>\n\t\t\t\t\t\t<\/div>\n\t\t\t\t<\/div>\n\t\t\t\t\t<\/div>\n\t\t<\/div>\n\t\t\t\t\t\t\t<\/div>\n\t\t<\/section>\n\t\t\t\t\t\t\t<\/div>\n\t\t","protected":false},"excerpt":{"rendered":"<p>WANDERN In der N\u00e4he: Route der M\u00fcller \u0160entanel Strojna-Pokr\u017enikov vrh(1055m.\u00fc.d.M.) GORE Peca (Kralj Matja\u017e) 2.126 m Ur\u0161lja gora (die h\u00f6chste Kirche in Slowenien) 1.699 m Smrekovec (vulkanischer Berg) 1.377 m Obir 2.139 m Ol\u0161eva (Poto\u010dka zijalka &#8211; 1.929 m Raduha(2062m)<\/p>\n","protected":false},"author":1,"featured_media":0,"parent":0,"menu_order":0,"comment_status":"closed","ping_status":"closed","template":"","meta":{"footnotes":""},"_links":{"self":[{"href":"https:\/\/www.eko-kmetija.si\/de\/wp-json\/wp\/v2\/pages\/2829"}],"collection":[{"href":"https:\/\/www.eko-kmetija.si\/de\/wp-json\/wp\/v2\/pages"}],"about":[{"href":"https:\/\/www.eko-kmetija.si\/de\/wp-json\/wp\/v2\/types\/page"}],"author":[{"embeddable":true,"href":"https:\/\/www.eko-kmetija.si\/de\/wp-json\/wp\/v2\/users\/1"}],"replies":[{"embeddable":true,"href":"https:\/\/www.eko-kmetija.si\/de\/wp-json\/wp\/v2\/comments?post=2829"}],"version-history":[{"count":1,"href":"https:\/\/www.eko-kmetija.si\/de\/wp-json\/wp\/v2\/pages\/2829\/revisions"}],"predecessor-version":[{"id":2830,"href":"https:\/\/www.eko-kmetija.si\/de\/wp-json\/wp\/v2\/pages\/2829\/revisions\/2830"}],"wp:attachment":[{"href":"https:\/\/www.eko-kmetija.si\/de\/wp-json\/wp\/v2\/media?parent=2829"}],"curies":[{"name":"wp","href":"https:\/\/api.w.org\/{rel}","templated":true}]}}