{"id":2815,"date":"2022-11-25T22:54:58","date_gmt":"2022-11-25T22:54:58","guid":{"rendered":"https:\/\/www.eko-kmetija.si\/camping-platz\/"},"modified":"2023-02-18T17:08:41","modified_gmt":"2023-02-18T17:08:41","slug":"camping-platz","status":"publish","type":"page","link":"https:\/\/www.eko-kmetija.si\/de\/camping-platz\/","title":{"rendered":"Camping-Platz"},"content":{"rendered":"\t\t<div data-elementor-type=\"wp-page\" data-elementor-id=\"2815\" class=\"elementor elementor-2815 elementor-1745\">\n\t\t\t\t\t\t\t\t\t<section class=\"elementor-section elementor-top-section elementor-element elementor-element-4b9d5199 elementor-section-boxed elementor-section-height-default elementor-section-height-default\" data-id=\"4b9d5199\" data-element_type=\"section\">\n\t\t\t\t\t\t<div class=\"elementor-container elementor-column-gap-default\">\n\t\t\t\t\t<div class=\"elementor-column elementor-col-100 elementor-top-column elementor-element elementor-element-484f5af\" data-id=\"484f5af\" data-element_type=\"column\">\n\t\t\t<div class=\"elementor-widget-wrap elementor-element-populated\">\n\t\t\t\t\t\t\t\t<section class=\"elementor-section elementor-inner-section elementor-element elementor-element-0c89b50 animated-slow elementor-section-boxed elementor-section-height-default elementor-section-height-default\" data-id=\"0c89b50\" data-element_type=\"section\" data-settings=\"{&quot;animation&quot;:&quot;none&quot;}\">\n\t\t\t\t\t\t<div class=\"elementor-container elementor-column-gap-default\">\n\t\t\t\t\t<div class=\"elementor-column elementor-col-100 elementor-inner-column elementor-element elementor-element-e1d0682\" data-id=\"e1d0682\" data-element_type=\"column\">\n\t\t\t<div class=\"elementor-widget-wrap elementor-element-populated\">\n\t\t\t\t\t\t\t\t<div class=\"elementor-element elementor-element-b37a629 elementor-icon-list--layout-inline elementor-list-item-link-full_width elementor-widget elementor-widget-icon-list\" data-id=\"b37a629\" data-element_type=\"widget\" data-widget_type=\"icon-list.default\">\n\t\t\t\t<div class=\"elementor-widget-container\">\n\t\t\t<link rel=\"stylesheet\" href=\"https:\/\/www.eko-kmetija.si\/wp-content\/plugins\/elementor\/assets\/css\/widget-icon-list.min.css\">\t\t<ul class=\"elementor-icon-list-items elementor-inline-items\">\n\t\t\t\t\t\t\t<li class=\"elementor-icon-list-item elementor-inline-item\">\n\t\t\t\t\t\t\t\t\t\t\t<span class=\"elementor-icon-list-icon\">\n\t\t\t\t\t\t\t<svg xmlns=\"http:\/\/www.w3.org\/2000\/svg\" height=\"512\" viewBox=\"0 0 48 48\" width=\"512\"><g id=\"Line\"><path d=\"m6.456 38.061c1.794 1.604 4.835 1.033 5.987-1.061 1.595-2.53-.437-6.084-3.444-6-3.7-.033-5.412 4.744-2.543 7.061z\"><\/path><path d=\"m14 22h-2.52l-2.399 3h4.919z\"><\/path><path d=\"m3.159 36.351c-.91-3.683 2.043-7.401 5.841-7.351 4.058-.078 7.081 4.216 5.65 8h2.35v-18h-10l-4 5.333c-.645.86-1 1.925-1 3v6.667c0 .957.459 1.801 1.159 2.351zm3.06-10.976 4-5c.19-.237.477-.375.781-.375h4c.552 0 1 .448 1 1v5c0 .552-.448 1-1 1h-8c-.812.026-1.311-1.006-.781-1.625z\"><\/path><path d=\"m36.456 38.061c1.794 1.604 4.835 1.033 5.987-1.061 1.595-2.53-.437-6.084-3.444-6-3.7-.033-5.412 4.744-2.543 7.061z\"><\/path><path d=\"m23 19h17v5h-17z\"><\/path><path d=\"m43 9h-35.333c-.645 0-1.284.213-1.8.6l-2.667 2c-.752.564-1.2 1.461-1.2 2.4v2c0 .352.072.686.184 1h15.816c.552 0 1 .448 1 1v19h14.35c-1.433-3.787 1.593-8.076 5.65-8 3.797-.05 6.752 3.669 5.841 7.351.7-.55 1.159-1.394 1.159-2.351v-22c0-1.654-1.346-3-3-3zm-1 16c0 .552-.448 1-1 1h-19c-.552 0-1-.448-1-1v-7c0-.552.448-1 1-1h19c.552 0 1 .448 1 1z\"><\/path><\/g><\/svg>\t\t\t\t\t\t<\/span>\n\t\t\t\t\t\t\t\t\t\t<span class=\"elementor-icon-list-text\">4 Camper<\/span>\n\t\t\t\t\t\t\t\t\t<\/li>\n\t\t\t\t\t\t\t\t<li class=\"elementor-icon-list-item elementor-inline-item\">\n\t\t\t\t\t\t\t\t\t\t\t<span class=\"elementor-icon-list-icon\">\n\t\t\t\t\t\t\t<i aria-hidden=\"true\" class=\"fas fa-campground\"><\/i>\t\t\t\t\t\t<\/span>\n\t\t\t\t\t\t\t\t\t\t<span class=\"elementor-icon-list-text\">4 Zelte<\/span>\n\t\t\t\t\t\t\t\t\t<\/li>\n\t\t\t\t\t\t\t\t<li class=\"elementor-icon-list-item elementor-inline-item\">\n\t\t\t\t\t\t\t\t\t\t\t<span class=\"elementor-icon-list-icon\">\n\t\t\t\t\t\t\t<i aria-hidden=\"true\" class=\"fas fa-wifi\"><\/i>\t\t\t\t\t\t<\/span>\n\t\t\t\t\t\t\t\t\t\t<span class=\"elementor-icon-list-text\">WIFI<\/span>\n\t\t\t\t\t\t\t\t\t<\/li>\n\t\t\t\t\t\t\t\t<li class=\"elementor-icon-list-item elementor-inline-item\">\n\t\t\t\t\t\t\t\t\t\t\t<span class=\"elementor-icon-list-icon\">\n\t\t\t\t\t\t\t<i aria-hidden=\"true\" class=\"fas fa-toilet-paper\"><\/i>\t\t\t\t\t\t<\/span>\n\t\t\t\t\t\t\t\t\t\t<span class=\"elementor-icon-list-text\">WC<\/span>\n\t\t\t\t\t\t\t\t\t<\/li>\n\t\t\t\t\t\t\t\t<li class=\"elementor-icon-list-item elementor-inline-item\">\n\t\t\t\t\t\t\t\t\t\t\t<span class=\"elementor-icon-list-icon\">\n\t\t\t\t\t\t\t<i aria-hidden=\"true\" class=\"fas fa-shower\"><\/i>\t\t\t\t\t\t<\/span>\n\t\t\t\t\t\t\t\t\t\t<span class=\"elementor-icon-list-text\">Dusche<\/span>\n\t\t\t\t\t\t\t\t\t<\/li>\n\t\t\t\t\t\t\t\t<li class=\"elementor-icon-list-item elementor-inline-item\">\n\t\t\t\t\t\t\t\t\t\t\t<span class=\"elementor-icon-list-icon\">\n\t\t\t\t\t\t\t<svg xmlns=\"http:\/\/www.w3.org\/2000\/svg\" id=\"Capa_1\" height=\"512\" viewBox=\"0 0 512 512\" width=\"512\"><g><path d=\"m482 452h-452c-16.569 0-30 13.431-30 30 0 16.567 13.431 30 30 30h452c16.569 0 30-13.433 30-30 0-16.569-13.431-30-30-30z\"><\/path><path d=\"m482 362h-46v-17c0-66.275-53.725-120-120-120h-136c-33.137 0-60-26.863-60-60v-15h-60v15c0 66.273 53.725 120 120 120h136c33.137 0 60 26.862 60 60v17h-346c-16.5 0-30 13.5-30 30s13.5 30 30 30h452c16.5 0 30-13.5 30-30s-13.5-30-30-30z\"><\/path><circle cx=\"377\" cy=\"75\" r=\"15\"><\/circle><circle cx=\"437\" cy=\"45\" r=\"15\"><\/circle><circle cx=\"497\" cy=\"15\" r=\"15\"><\/circle><circle cx=\"497\" cy=\"75\" r=\"15\"><\/circle><circle cx=\"497\" cy=\"135\" r=\"15\"><\/circle><circle cx=\"437\" cy=\"105\" r=\"15\"><\/circle><path d=\"m15 167.999c8.291 0 15-6.709 15-15v-36.973c0-6.782 4.57-12.744 11.118-14.502l19.889-6.511c-.549 3.265-1.007 6.567-1.007 9.987v15h60v-75c-12.275 0-23.67 3.719-33.177 10.045l-53.469 17.505c-19.643 5.259-33.354 23.145-33.354 43.477v36.973c0 8.29 6.709 14.999 15 14.999z\"><\/path><path d=\"m195 45h-45v60h61c0 24.814 20.186 45 45 45h60c8.291 0 15-6.709 15-15v-120c0-8.291-6.709-15-15-15h-60c-24.814 0-45 20.186-45 45z\"><\/path><\/g><\/svg>\t\t\t\t\t\t<\/span>\n\t\t\t\t\t\t\t\t\t\t<span class=\"elementor-icon-list-text\">Fahrr\u00e4der waschen<\/span>\n\t\t\t\t\t\t\t\t\t<\/li>\n\t\t\t\t\t\t<\/ul>\n\t\t\t\t<\/div>\n\t\t\t\t<\/div>\n\t\t\t\t\t<\/div>\n\t\t<\/div>\n\t\t\t\t\t\t\t<\/div>\n\t\t<\/section>\n\t\t\t\t<div class=\"elementor-element elementor-element-f418e50 elementor-widget elementor-widget-text-editor\" data-id=\"f418e50\" data-element_type=\"widget\" data-widget_type=\"text-editor.default\">\n\t\t\t\t<div class=\"elementor-widget-container\">\n\t\t\t<style>\/*! elementor - v3.11.5 - 14-03-2023 *\/\n.elementor-widget-text-editor.elementor-drop-cap-view-stacked .elementor-drop-cap{background-color:#818a91;color:#fff}.elementor-widget-text-editor.elementor-drop-cap-view-framed .elementor-drop-cap{color:#818a91;border:3px solid;background-color:transparent}.elementor-widget-text-editor:not(.elementor-drop-cap-view-default) .elementor-drop-cap{margin-top:8px}.elementor-widget-text-editor:not(.elementor-drop-cap-view-default) .elementor-drop-cap-letter{width:1em;height:1em}.elementor-widget-text-editor .elementor-drop-cap{float:left;text-align:center;line-height:1;font-size:50px}.elementor-widget-text-editor .elementor-drop-cap-letter{display:inline-block}<\/style>\t\t\t\t<p>Der Campingplatz befindet sich in einem <strong>Obstgarten<\/strong>, in dem Apfelb\u00e4ume an hei\u00dfen Sommertagen angenehmen Schatten spenden. Sie k\u00f6nnen im Obstgarten in Zelten oder kleinen Wohnmobilen campen. Der zweite Teil des Campingplatzes, <strong>Koro\u0161ki Plot<\/strong> genannt, bietet viel Platz f\u00fcr gr\u00f6\u00dfere Wohnmobile. Beide Campingpl\u00e4tze sind von einem traditionellen K\u00e4rntner Zaun umgeben, der ohne N\u00e4gel gefertigt und mit Holzringen aus Fichtenholz befestigt ist. Der Campingplatz verf\u00fcgt \u00fcber ein Bad und eine Toilette, einen Geschirrsp\u00fclplatz, einen Fahrradwaschplatz, eine Fahrradgarage und Strom.<\/p>\n\t\t\t\t\t\t<\/div>\n\t\t\t\t<\/div>\n\t\t\t\t<div class=\"elementor-element elementor-element-a865554 elementor-widget elementor-widget-button\" data-id=\"a865554\" data-element_type=\"widget\" data-widget_type=\"button.default\">\n\t\t\t\t<div class=\"elementor-widget-container\">\n\t\t\t\t\t<div class=\"elementor-button-wrapper\">\n\t\t\t<a href=\"http:\/\/www.eko-kmetija.si\/kontakt\/\" class=\"elementor-button-link elementor-button elementor-size-md\" role=\"button\">\n\t\t\t\t\t\t<span class=\"elementor-button-content-wrapper\">\n\t\t\t\t\t\t<span class=\"elementor-button-text\">Buchung<\/span>\n\t\t<\/span>\n\t\t\t\t\t<\/a>\n\t\t<\/div>\n\t\t\t\t<\/div>\n\t\t\t\t<\/div>\n\t\t\t\t\t<\/div>\n\t\t<\/div>\n\t\t\t\t\t\t\t<\/div>\n\t\t<\/section>\n\t\t\t\t<section class=\"elementor-section elementor-top-section elementor-element elementor-element-40b6cb8 elementor-section-boxed elementor-section-height-default elementor-section-height-default\" data-id=\"40b6cb8\" data-element_type=\"section\">\n\t\t\t\t\t\t<div class=\"elementor-container elementor-column-gap-default\">\n\t\t\t\t\t<div class=\"elementor-column elementor-col-100 elementor-top-column elementor-element elementor-element-5f4f883\" data-id=\"5f4f883\" data-element_type=\"column\">\n\t\t\t<div class=\"elementor-widget-wrap elementor-element-populated\">\n\t\t\t\t\t\t\t\t<div class=\"elementor-element elementor-element-a2f350f elementor-arrows-position-inside elementor-pagination-position-outside elementor-widget elementor-widget-image-carousel\" data-id=\"a2f350f\" data-element_type=\"widget\" data-settings=\"{&quot;slides_to_show&quot;:&quot;3&quot;,&quot;image_spacing_custom&quot;:{&quot;unit&quot;:&quot;px&quot;,&quot;size&quot;:30,&quot;sizes&quot;:[]},&quot;navigation&quot;:&quot;both&quot;,&quot;autoplay&quot;:&quot;yes&quot;,&quot;pause_on_hover&quot;:&quot;yes&quot;,&quot;pause_on_interaction&quot;:&quot;yes&quot;,&quot;autoplay_speed&quot;:5000,&quot;infinite&quot;:&quot;yes&quot;,&quot;speed&quot;:500,&quot;image_spacing_custom_tablet&quot;:{&quot;unit&quot;:&quot;px&quot;,&quot;size&quot;:&quot;&quot;,&quot;sizes&quot;:[]},&quot;image_spacing_custom_mobile&quot;:{&quot;unit&quot;:&quot;px&quot;,&quot;size&quot;:&quot;&quot;,&quot;sizes&quot;:[]}}\" data-widget_type=\"image-carousel.default\">\n\t\t\t\t<div class=\"elementor-widget-container\">\n\t\t\t<style>\/*! elementor - v3.11.5 - 14-03-2023 *\/\n.elementor-widget-image-carousel .swiper,.elementor-widget-image-carousel .swiper-container{position:static}.elementor-widget-image-carousel .swiper-container .swiper-slide figure,.elementor-widget-image-carousel .swiper .swiper-slide figure{line-height:inherit}.elementor-widget-image-carousel .swiper-slide{text-align:center}.elementor-image-carousel-wrapper:not(.swiper-container-initialized) .swiper-slide,.elementor-image-carousel-wrapper:not(.swiper-initialized) .swiper-slide{max-width:calc(100% \/ var(--e-image-carousel-slides-to-show, 3))}<\/style>\t\t<div class=\"elementor-image-carousel-wrapper swiper-container\" dir=\"ltr\">\n\t\t\t<div class=\"elementor-image-carousel swiper-wrapper\">\n\t\t\t\t\t\t\t\t<div class=\"swiper-slide\"><a data-elementor-open-lightbox=\"yes\" data-elementor-lightbox-slideshow=\"a2f350f\" data-e-action-hash=\"#elementor-action%3Aaction%3Dlightbox%26settings%3DeyJpZCI6Mjc3NSwidXJsIjoiaHR0cHM6XC9cL3d3dy5la28ta21ldGlqYS5zaVwvd3AtY29udGVudFwvdXBsb2Fkc1wvMjAyM1wvMDJcL0lNR18yMDE5MDYxNV8xNzI1NTAtMDExMS5qcGciLCJzbGlkZXNob3ciOiJhMmYzNTBmIn0%3D\" href=\"https:\/\/www.eko-kmetija.si\/wp-content\/uploads\/2023\/02\/IMG_20190615_172550-0111.jpg\"><figure class=\"swiper-slide-inner\"><img decoding=\"async\" class=\"swiper-slide-image\" src=\"https:\/\/www.eko-kmetija.si\/wp-content\/uploads\/2023\/02\/IMG_20190615_172550-0111-1024x768.jpg\" alt=\"cof\" \/><\/figure><\/a><\/div><div class=\"swiper-slide\"><a data-elementor-open-lightbox=\"yes\" data-elementor-lightbox-slideshow=\"a2f350f\" data-e-action-hash=\"#elementor-action%3Aaction%3Dlightbox%26settings%3DeyJpZCI6Mjc3NywidXJsIjoiaHR0cHM6XC9cL3d3dy5la28ta21ldGlqYS5zaVwvd3AtY29udGVudFwvdXBsb2Fkc1wvMjAyM1wvMDJcL0lNR18yMDIyMDUxMF8xMTAxMDMxMS5qcGciLCJzbGlkZXNob3ciOiJhMmYzNTBmIn0%3D\" href=\"https:\/\/www.eko-kmetija.si\/wp-content\/uploads\/2023\/02\/IMG_20220510_11010311.jpg\"><figure class=\"swiper-slide-inner\"><img decoding=\"async\" class=\"swiper-slide-image\" src=\"https:\/\/www.eko-kmetija.si\/wp-content\/uploads\/2023\/02\/IMG_20220510_11010311-1024x674.jpg\" alt=\"IMG_20220510_11010311\" \/><\/figure><\/a><\/div><div class=\"swiper-slide\"><a data-elementor-open-lightbox=\"yes\" data-elementor-lightbox-slideshow=\"a2f350f\" data-e-action-hash=\"#elementor-action%3Aaction%3Dlightbox%26settings%3DeyJpZCI6Mjc3OSwidXJsIjoiaHR0cHM6XC9cL3d3dy5la28ta21ldGlqYS5zaVwvd3AtY29udGVudFwvdXBsb2Fkc1wvMjAyM1wvMDJcL0lNRy0yMDE5MDYxNS1XQTAwMDItMDEuanBnIiwic2xpZGVzaG93IjoiYTJmMzUwZiJ9\" href=\"https:\/\/www.eko-kmetija.si\/wp-content\/uploads\/2023\/02\/IMG-20190615-WA0002-01.jpg\"><figure class=\"swiper-slide-inner\"><img decoding=\"async\" class=\"swiper-slide-image\" src=\"https:\/\/www.eko-kmetija.si\/wp-content\/uploads\/2023\/02\/IMG-20190615-WA0002-01-1024x768.jpg\" alt=\"IMG-20190615-WA0002-01\" \/><\/figure><\/a><\/div>\t\t\t<\/div>\n\t\t\t\t\t\t\t\t\t\t\t\t<div class=\"swiper-pagination\"><\/div>\n\t\t\t\t\t\t\t\t\t\t\t\t\t<div class=\"elementor-swiper-button elementor-swiper-button-prev\">\n\t\t\t\t\t\t<i aria-hidden=\"true\" class=\"eicon-chevron-left\"><\/i>\t\t\t\t\t\t<span class=\"elementor-screen-only\">Zur\u00fcck<\/span>\n\t\t\t\t\t<\/div>\n\t\t\t\t\t<div class=\"elementor-swiper-button elementor-swiper-button-next\">\n\t\t\t\t\t\t<i aria-hidden=\"true\" class=\"eicon-chevron-right\"><\/i>\t\t\t\t\t\t<span class=\"elementor-screen-only\">Weiter<\/span>\n\t\t\t\t\t<\/div>\n\t\t\t\t\t\t\t\t\t<\/div>\n\t\t\t\t<\/div>\n\t\t\t\t<\/div>\n\t\t\t\t\t<\/div>\n\t\t<\/div>\n\t\t\t\t\t\t\t<\/div>\n\t\t<\/section>\n\t\t\t\t\t\t\t<\/div>\n\t\t","protected":false},"excerpt":{"rendered":"<p>4 Camper 4 Zelte WIFI WC Dusche Fahrr\u00e4der waschen Der Campingplatz befindet sich in einem Obstgarten, in dem Apfelb\u00e4ume an hei\u00dfen Sommertagen angenehmen Schatten spenden. Sie k\u00f6nnen im Obstgarten in Zelten oder kleinen Wohnmobilen campen. Der zweite Teil des Campingplatzes, Koro\u0161ki Plot genannt, bietet viel Platz f\u00fcr gr\u00f6\u00dfere Wohnmobile. Beide Campingpl\u00e4tze sind von einem traditionellen [&hellip;]<\/p>\n","protected":false},"author":1,"featured_media":2781,"parent":0,"menu_order":0,"comment_status":"closed","ping_status":"closed","template":"","meta":{"footnotes":""},"_links":{"self":[{"href":"https:\/\/www.eko-kmetija.si\/de\/wp-json\/wp\/v2\/pages\/2815"}],"collection":[{"href":"https:\/\/www.eko-kmetija.si\/de\/wp-json\/wp\/v2\/pages"}],"about":[{"href":"https:\/\/www.eko-kmetija.si\/de\/wp-json\/wp\/v2\/types\/page"}],"author":[{"embeddable":true,"href":"https:\/\/www.eko-kmetija.si\/de\/wp-json\/wp\/v2\/users\/1"}],"replies":[{"embeddable":true,"href":"https:\/\/www.eko-kmetija.si\/de\/wp-json\/wp\/v2\/comments?post=2815"}],"version-history":[{"count":1,"href":"https:\/\/www.eko-kmetija.si\/de\/wp-json\/wp\/v2\/pages\/2815\/revisions"}],"predecessor-version":[{"id":2817,"href":"https:\/\/www.eko-kmetija.si\/de\/wp-json\/wp\/v2\/pages\/2815\/revisions\/2817"}],"wp:featuredmedia":[{"embeddable":true,"href":"https:\/\/www.eko-kmetija.si\/de\/wp-json\/wp\/v2\/media\/2781"}],"wp:attachment":[{"href":"https:\/\/www.eko-kmetija.si\/de\/wp-json\/wp\/v2\/media?parent=2815"}],"curies":[{"name":"wp","href":"https:\/\/api.w.org\/{rel}","templated":true}]}}